{"id":174,"date":"2026-03-24T07:44:21","date_gmt":"2026-03-24T07:44:21","guid":{"rendered":"https:\/\/demo2026.web3b.com\/azk\/?post_type=product&#038;p=174"},"modified":"2026-03-24T07:44:22","modified_gmt":"2026-03-24T07:44:22","slug":"quat-hut-xach-tay-deton-dvt50-sao-chep-4","status":"publish","type":"product","link":"https:\/\/demo2026.web3b.com\/azk\/san-pham\/quat-hut-xach-tay-deton-dvt50-sao-chep-4\/","title":{"rendered":"Qu\u1ea1t H\u00fat X\u00e1ch Tay Deton DVT50 (Sao ch\u00e9p)"},"content":{"rendered":"<h2><strong>Qu\u1ea1t H\u00fat X\u00e1ch Tay Deton DVT50<\/strong><\/h2>\n<h3><strong>Th\u00f4ng s\u1ed1 k\u1ef9 thu\u1eadt\u00a0<\/strong><\/h3>\n<ul>\n<li>M\u00e3 h\u00e0ng:<strong>\u00a0DVT50<\/strong><\/li>\n<li>\u0110i\u1ec7n \u00c1p: 220V\/50HZ<\/li>\n<li>C\u00f4ng su\u1ea5t :2KWw<\/li>\n<li>V\u00f2ng quay c\u1ee7a c\u00e1nh\/phut : 2800<\/li>\n<li>L\u01b0u l\u01b0\u1ee3ng gi\u00f3 : 12.000M3\/H<\/li>\n<li>\u00c1p L\u1ef1c: 800pa<\/li>\n<li>\u0110\u1ed9 \u1ed2n:&lt; 66<\/li>\n<li>Motor: T\u1ea3n Nhi\u1ec7t.<\/li>\n<li>C\u00f3 role nhi\u1ec7t t\u1ef1 ng\u1eaft khi nhi\u1ec7t \u0111\u1ed9 cao.<\/li>\n<li>T\u1ed1c \u0110\u1ed9: 1 T\u1ed1c \u0111\u1ed9 gi\u00f3<\/li>\n<li>c\u00f3 th\u1ec3 h\u00fat v\u00e0 c\u1ea5p kh\u00f4ng kh\u00ed.<\/li>\n<li>Lo\u1ea1i Qu\u1ea1t : Qu\u1ea1t x\u00e1ch tay c\u00f4ng nghi\u1ec7p.<\/li>\n<li>K\u00edch th\u01b0\u1edbc c\u00e1nh: 50<\/li>\n<\/ul>\n<h3><strong style=\"font-size: 23.04px;\">\u01afu \u0111i\u1ec3m c\u1ee7a\u00a0Qu\u1ea1t H\u00fat X\u00e1ch Tay Deton DVT50<\/strong><\/h3>\n<p><strong><a href=\"https:\/\/quatdienvietnam.vn\/san-pham\/quat-hut-noi-ong-cong-nghiep-deton-dvt50\" target=\"_blank\" rel=\"noopener\">Qu\u1ea1t H\u00fat X\u00e1ch Tay Deton DVT50<\/a>\u00a0<\/strong>d\u00f2ng qu\u1ea1t h\u00fat n\u1ed1i \u1ed1ng di \u0111\u1ed9ng trong c\u00e1c c\u00f4ng tr\u00ecnh, qu\u1ea1t chuy\u00ean d\u00f9ng \u0111\u1ec3 c\u1ea5p kh\u00ed t\u01b0\u01a1i ho\u1eb7c h\u00fat kh\u00f4ng kh\u00ed t\u1eeb trong nh\u1eefng v\u1ecb tr\u00ed tr\u00ed, t\u1ea7ng h\u1ea7m, b\u1ec3 ch\u1ee9a, b\u1ed3n ch\u1ee9a, t\u00e0u c\u00e1,\u2026.<\/p>\n<p><img loading=\"lazy\" decoding=\"async\" class=\"size-medium wp-image-2347\" src=\"https:\/\/hungducphat.com\/wp-content\/uploads\/2020\/07\/quat-hut-xach-tay-DVT30-427x400.jpg\" sizes=\"auto, (max-width: 427px) 100vw, 427px\" srcset=\"https:\/\/hungducphat.com\/wp-content\/uploads\/2020\/07\/quat-hut-xach-tay-DVT30-427x400.jpg 427w, https:\/\/hungducphat.com\/wp-content\/uploads\/2020\/07\/quat-hut-xach-tay-DVT30.jpg 480w\" alt=\"quat hut xach tay DVT30\" width=\"427\" height=\"400\" \/><\/p>\n<p><strong><a href=\"https:\/\/hungducphat.com\/product\/quat-hut-xach-tay-deton-dvt40\/\">Qu\u1ea1t H\u00fat X\u00e1ch Tay Deton DVT50<\/a>\u00a0\u00a0<\/strong>\u0111\u01b0\u1ee3c k\u1ebft h\u1ee3p v\u1edbi \u1ed1ng gi\u00f3 m\u1ec1m c\u00f4ng nghi\u1ec7p \u0111\u1ec3 h\u00fat kh\u00f4ng kh\u00ed ho\u1eb7c v\u1eadn chuy\u1ec3n kh\u00f4ng kh\u00ed \u0111i xa v\u1ecb tr\u00ed l\u00e0m vi\u1ec7c.<\/p>\n<p><img loading=\"lazy\" decoding=\"async\" class=\"size-medium wp-image-2380 aligncenter\" src=\"https:\/\/hungducphat.com\/wp-content\/uploads\/2020\/07\/quat-hut-xach-tay-noi-ong-gio-468x400.png\" sizes=\"auto, (max-width: 468px) 100vw, 468px\" srcset=\"https:\/\/hungducphat.com\/wp-content\/uploads\/2020\/07\/quat-hut-xach-tay-noi-ong-gio-468x400.png 468w, https:\/\/hungducphat.com\/wp-content\/uploads\/2020\/07\/quat-hut-xach-tay-noi-ong-gio.png 488w\" alt=\"\" width=\"468\" height=\"400\" \/><\/p>\n<p><a href=\"https:\/\/quatdienvietnam.vn\/san-pham\/quat-hut-noi-ong-cong-nghiep-deton-dvt50\" target=\"_blank\" rel=\"noopener\"><strong>Qu\u1ea1t H\u00fat X\u00e1ch Tay Deton DVT50<\/strong><\/a> l\u00e0 th\u01b0\u01a1ng hi\u1ec7u c\u1ee7a Deton \u2013 m\u1ed9t trong nh\u1eefng th\u01b0\u01a1ng hi\u1ec7u \u0111\u00e3 c\u00f3 t\u1eeb l\u00e2u \u0111\u1eddi v\u00e0 \u0111\u01b0\u1ee3c nhi\u1ec1u c\u00f4ng tr\u00ecnh nh\u00e0 x\u01b0\u1edfng s\u1eed d\u1ee5ng trong nhi\u1ec1u n\u0103m qua.<\/p>\n<p><a href=\"https:\/\/quatdienvietnam.vn\/san-pham\/quat-hut-noi-ong-cong-nghiep-deton-dvt50\" target=\"_blank\" rel=\"noopener\"><strong>Qu\u1ea1t H\u00fat X\u00e1ch Tay Deton DVT50<\/strong><\/a> s\u1eed d\u1ee5ng motor 100% d\u00e2y \u0111\u1ed3ng nguy\u00ean ch\u1ea5t, b\u1ec1n b\u1ec9 , gi\u1ea3m thi\u1ec3u ph\u00e1t sinh nhi\u1ec7t \u0111\u1ed9 trong qu\u00e1 tr\u00ecnh v\u1eadn h\u00e0nh.<\/p>\n<p><img loading=\"lazy\" decoding=\"async\" class=\"size-medium wp-image-2343\" src=\"https:\/\/hungducphat.com\/wp-content\/uploads\/2020\/07\/quat-hut-cong-nghiep-deton-DVT20-427x400.jpg\" sizes=\"auto, (max-width: 427px) 100vw, 427px\" srcset=\"https:\/\/hungducphat.com\/wp-content\/uploads\/2020\/07\/quat-hut-cong-nghiep-deton-DVT20-427x400.jpg 427w, https:\/\/hungducphat.com\/wp-content\/uploads\/2020\/07\/quat-hut-cong-nghiep-deton-DVT20.jpg 480w\" alt=\"quat hut cong nghiep deton DVT25\" width=\"427\" height=\"400\" \/><\/p>\n<p><a href=\"https:\/\/quatdienvietnam.vn\/san-pham\/quat-hut-noi-ong-cong-nghiep-deton-dvt50\" target=\"_blank\" rel=\"noopener\"><strong>Qu\u1ea1t H\u00fat X\u00e1ch Tay Deton DVT50<\/strong><\/a> v\u1edbi t\u1ed1c \u0111\u1ed9 v\u00f2ng quay r\u1ea5t l\u1edbn, l\u00ean t\u1edbi 2800v\/p, k\u1ebft h\u1ee3p thi\u1ebft k\u1ebf c\u00e1nh t\u1ea1o n\u00ean L\u01b0u l\u01b0\u1ee3ng gi\u00f3 l\u1edbn v\u00e0 t\u1ea1o \u00e1p su\u1ea5t cao, t\u0103ng kh\u1ea3 n\u0103ng h\u00fat\/ th\u1ed5i c\u1ee7a qu\u1ea1t<\/p>\n<p><img loading=\"lazy\" decoding=\"async\" class=\"alignnone size-full wp-image-1351\" src=\"https:\/\/hungducphat.com\/wp-content\/uploads\/2019\/06\/quat-dien-cong-nghiep.png\" sizes=\"auto, (max-width: 614px) 100vw, 614px\" srcset=\"https:\/\/hungducphat.com\/wp-content\/uploads\/2019\/06\/quat-dien-cong-nghiep.png 614w, https:\/\/hungducphat.com\/wp-content\/uploads\/2019\/06\/quat-dien-cong-nghiep-600x172.png 600w\" alt=\"Qu\u1ea1t th\u00f4ng gi\u00f3 c\u00f4ng nghi\u1ec7p\" width=\"614\" height=\"176\" \/><\/p>\n<h3><strong style=\"font-size: 23.04px; color: #333333;\">C\u00e1ch th\u1ee9c \u0111\u1eb7t h\u00e0ng<\/strong><\/h3>\n<hr \/>\n<p>\u0110\u1ec3 mua <a href=\"https:\/\/hungducphat.com\/product\/quat-hut-xach-tay-deton-dvt40\/\"><strong>Qu\u1ea1t H\u00fat X\u00e1ch Tay Deton DVT40<\/strong><\/a><strong style=\"color: #555555; font-size: 14.4px;\"><a href=\"https:\/\/hungducphat.com\/product-category\/quat-cong-nghiep\/quat-ly-tam-cong-nghiep\/\">\u00a0<\/a><\/strong><span style=\"color: #555555; font-size: 14.4px;\">c\u1ee7a H\u01b0ng \u0110\u1ee9c Ph\u00e1t , b\u1ea1n vui l\u00f2ng l\u1ef1a ch\u1ecdn 1 trong c\u00e1c ph\u01b0\u01a1ng th\u1ee9c sau<\/span><\/p>\n<ul>\n<li>\u0110\u1eb7t h\u00e0ng tr\u1ef1c tuy\u1ebfn : Qu\u00fd kh\u00e1ch truy c\u1eadp v\u00e0o h\u1ec7 th\u1ed1ng website b\u00e1n h\u00e0ng c\u1ee7a\u00a0<a href=\"https:\/\/hungducphat.com\/\"><strong>hungducphat.com<\/strong><\/a>. Sau \u0111\u00f3 chat v\u00e0 \u0111\u1eb7t h\u00e0ng v\u1edbi H\u1ed7 tr\u1ee3 kh\u00e1ch h\u00e0ng qua c\u00e1c nick Zalo\u00a0 ho\u1eb7c Messager\u00a0 \u0111\u00e3 \u0111\u01b0\u1ee3c thi\u1ebft l\u1eadp m\u1eb7c \u0111\u1ecbnh t\u1ea1i ph\u1ea7n H\u1ed7 tr\u1ee3 tr\u1ef1c tuy\u1ebfn tr\u00ean website. Th\u1eddi gian ph\u1ee5c v\u1ee5 8h \u0111\u1ebfn 21h c\u00e1c ng\u00e0y trong tu\u1ea7n.<\/li>\n<li>\u0110\u1eb7t h\u00e0ng qua mail :\u00a0 Qu\u00fd kh\u00e1ch vui l\u00f2ng g\u1eedi th\u00f4ng tin \u0111\u1eb7t h\u00e0ng qua mail :\u00a0 lienhe@hungducphat.com. Th\u1eddi gian ph\u1ee5c v\u1ee5\u00a0 24\/7.<\/li>\n<li>\u0110\u1eb7t h\u00e0ng qua \u0111i\u1ec7n tho\u1ea1i :\u00a0 Hotline:\u00a0 0902239822 \u2013\u00a0 0936488457 \u2013 02466507256 .\u00a0Th\u1eddi gian ph\u1ee5c v\u1ee5 8h \u0111\u1ebfn 21h c\u00e1c ng\u00e0y trong tu\u1ea7n<\/li>\n<\/ul>\n<h3><strong>Ch\u1ebf \u0111\u1ed9 b\u1ea3o h\u00e0nh s\u1ea3n ph\u1ea9m<\/strong><\/h3>\n<ul>\n<li>Trong v\u00f2ng 48 ti\u1ebfng (kh\u00f4ng t\u00ednh th\u1ee9 7, ch\u1ee7 nh\u1eadt v\u00e0 ng\u00e0y l\u1ec5 ) k\u1ec3 t\u1eeb khi nh\u1eadn \u0111\u01b0\u1ee3c th\u00f4ng b\u00e1o c\u1ee7a b\u00ean A v\u1ec1 l\u1ed7i k\u1ef9 thu\u1eadt c\u1ee7a s\u1ea3n ph\u1ea9m, B\u00ean B s\u1ebd c\u1eed ng\u01b0\u1eddi \u0111\u1ebfn ki\u1ec3m tra v\u00e0 x\u1eed l\u00fd.<\/li>\n<li>B\u1ea3o h\u00e0nh 12 th\u00e1ng k\u1ec3 t\u1eeb ng\u00e0y b\u00e1n.<\/li>\n<li>S\u1ea3n ph\u1ea9m b\u1ea3o h\u00e0nh ph\u1ea3i c\u00f2n nguy\u00ean tem b\u1ea3o h\u00e0nh v\u00e0 phi\u1ebfu b\u1ea3o h\u00e0nh c\u00f3 \u0111\u00f3ng d\u1ea5u tr\u00f2n b\u00ean B.<\/li>\n<li>Trong v\u00f2ng 7 ng\u00e0y k\u1ec3 t\u1eeb ng\u00e0y mua n\u1ebfu s\u1ea3n ph\u1ea9m b\u1ecb h\u01b0 do l\u1ed7i nh\u00e0 s\u1ea3n xu\u1ea5t s\u1ebd \u0111\u1ed5i cho kh\u00e1ch h\u00e0ng s\u1ea3n ph\u1ea9m m\u1edbi c\u00f9ng m\u00e3 ho\u1eb7c t\u01b0\u01a1ng \u0111\u01b0\u01a1ng (n\u1ebfu s\u1ea3n ph\u1ea9m \u0111\u00e3 b\u00e1n h\u1ebft h\u00e0ng).<\/li>\n<li>To\u00e0n b\u1ed9 chi ph\u00ed \u0111\u1ed5i tr\u1ea3 h\u00e0ng, s\u1eefa ch\u1eefa trong th\u1eddi gian b\u1ea3o h\u00e0nh do b\u00ean B ch\u1ecbu tr\u00ean ph\u1ea1m vi to\u00e0n qu\u1ed1c.<\/li>\n<li>N\u1ebfu h\u1ebft h\u1ea1n b\u1ea3o h\u00e0nh m\u1ecdi chi ph\u00ed thay th\u1ebf s\u1eeda ch\u1eefa do b\u00ean A ch\u1ecbu.<\/li>\n<li>B\u00ean B kh\u00f4ng b\u1ea3o h\u00e0nh trong c\u00e1c tr\u01b0\u1eddng h\u1ee3p sau:<\/li>\n<li>Kh\u00f4ng s\u1eed d\u1ee5ng \u0111\u00fang c\u00e1ch theo h\u01b0\u1edbng d\u1eabn s\u1eed d\u1ee5ng \u0111\u00ednh k\u00e8m tr\u00ean m\u1ed7i s\u1ea3n ph\u1ea9m.<\/li>\n<li>Do con ng\u01b0\u1eddi g\u00e2y ra (l\u00e0m ng\u00e3, \u0111\u1ed5\u2026), s\u1ea3n ph\u1ea9m \u0111\u01b0\u1ee3c s\u1eed d\u1ee5ng trong c\u00e1c m\u00f4i tr\u01b0\u1eddng \u0111\u1eb7c bi\u1ec7t nh\u01b0 \u1ea9m \u01b0\u1edbt, c\u00f3 h\u00f3a ch\u1ea5t, b\u1ee5i b\u1ea9n\u2026 v\u00e0 c\u00e1c y\u1ebfu t\u1ed1 t\u1ef1 nhi\u00ean (l\u0169 l\u1ee5t, thi\u00ean tai\u2026)<\/li>\n<li>S\u1ea3n ph\u1ea9m \u0111\u00e3 c\u00f3 d\u1ea5u hi\u1ec7u b\u1ecb th\u00e1o r\u1eddi ho\u1eb7c thay th\u1ebf, t\u1ef1 \u00fd thay \u0111\u1ed5i c\u1ea5u tr\u00fac motor b\u00ean trong.<\/li>\n<\/ul>\n<h3><strong>Tham kh\u1ea3o th\u00eam c\u00e1c s\u1ea3n ph\u1ea9m t\u1ea1i \u0111\u00e2y =&gt;&gt;<a href=\"https:\/\/hungducphat.com\/product-category\/quat-cong-nghiep\/\">Qu\u1ea1t c\u00f4ng nghi\u1ec7p<\/a><\/strong><\/h3>\n<ul>\n<li><a href=\"https:\/\/hungducphat.com\/product\/quat-hut-xach-tay-deton-dvt20\/\"><strong>Qu\u1ea1t H\u00fat X\u00e1ch Tay Deton DVT20<\/strong><\/a><\/li>\n<li><strong><a href=\"https:\/\/hungducphat.com\/product\/quat-hut-xach-tay-deton-dvt30\/\">Qu\u1ea1t H\u00fat X\u00e1ch Tay Deton DVT30<\/a><\/strong><\/li>\n<li><a href=\"https:\/\/hungducphat.com\/product\/quat-hut-xach-tay-deton-dvt40\/\"><strong>Qu\u1ea1t H\u00fat X\u00e1ch Tay Deton DVT40<\/strong><\/a><\/li>\n<li><strong><a href=\"https:\/\/hungducphat.com\/product\/quat-hut-xach-tay-deton-dvt50\/\">Qu\u1ea1t H\u00fat X\u00e1ch Tay Deton DVT50<\/a><\/strong><\/li>\n<\/ul>\n<h3><strong>Ch\u00ednh s\u00e1ch giao h\u00e0ng v\u00e0 Thanh to\u00e1n<\/strong><\/h3>\n<ul>\n<li><strong>\u0110\u1ed1i v\u1edbi \u0111\u01a1n h\u00e0ng kh\u00e1ch l\u1ebb\u00a0<\/strong>\u00a0:<\/li>\n<\/ul>\n<ol>\n<li>Mi\u1ec5n ph\u00ed giao h\u00e0ng v\u1edbi \u0111\u01a1n h\u00e0ng &gt; 10 tri\u1ec7u , trong b\u00e1n k\u00ednh 10km t\u1eeb x\u01b0\u1edfng.<\/li>\n<li>Giao h\u00e0ng thu ti\u1ec1n \u0111\u1ed1i v\u1edbi c\u00e1c \u0111\u01a1n n\u1ed9i th\u00e0nh H\u00e0 N\u1ed9i, n\u1ed9i th\u00e0nh HCM.<\/li>\n<\/ol>\n<ul>\n<li><strong>\u0110\u1ed1i v\u1edbi kh\u00e1ch h\u00e0ng \u0111\u1ea1i l\u00fd\u00a0<\/strong>\u00a0: M\u1ecdi chi\u00a0 ti\u1ebft vui l\u00f2ng li\u00ean h\u1ec7 hotline :\u00a0 0936.488.457<\/li>\n<\/ul>\n<p><a href=\"https:\/\/hungducphat.com\/\"><img loading=\"lazy\" decoding=\"async\" class=\"size-medium wp-image-811 aligncenter lazy-load-active\" src=\"https:\/\/hungducphat.com\/wp-content\/uploads\/2018\/03\/quat-cong-nghiep-dasin-chat-luong-711x400.png\" sizes=\"auto, (max-width: 711px) 100vw, 711px\" srcset=\"https:\/\/hungducphat.com\/wp-content\/uploads\/2018\/03\/quat-cong-nghiep-dasin-chat-luong-711x400.png 711w, https:\/\/hungducphat.com\/wp-content\/uploads\/2018\/03\/quat-cong-nghiep-dasin-chat-luong.png 750w\" alt=\"quat-cong-nghiep-dasin-chat-luong\" width=\"711\" height=\"400\" data-src=\"https:\/\/hungducphat.com\/wp-content\/uploads\/2018\/03\/quat-cong-nghiep-dasin-chat-luong-711x400.png\" data-srcset=\"https:\/\/hungducphat.com\/wp-content\/uploads\/2018\/03\/quat-cong-nghiep-dasin-chat-luong-711x400.png 711w, https:\/\/hungducphat.com\/wp-content\/uploads\/2018\/03\/quat-cong-nghiep-dasin-chat-luong.png 750w\" \/><\/a><\/p>\n<p><a href=\"https:\/\/hungducphat.com\/\"><img loading=\"lazy\" decoding=\"async\" class=\"size-full wp-image-805 aligncenter lazy-load-active\" src=\"https:\/\/hungducphat.com\/wp-content\/uploads\/2018\/03\/Xem-Ngay.gif\" alt=\"\" width=\"125\" height=\"70\" data-src=\"https:\/\/hungducphat.com\/wp-content\/uploads\/2018\/03\/Xem-Ngay.gif\" \/><\/a><\/p>\n<p><img loading=\"lazy\" decoding=\"async\" class=\"alignnone size-full wp-image-499 aligncenter lazy-load-active\" src=\"https:\/\/hungducphat.com\/wp-content\/uploads\/2018\/01\/tu-van-quat-cong-nghiep.png\" sizes=\"auto, (max-width: 614px) 100vw, 614px\" srcset=\"https:\/\/hungducphat.com\/wp-content\/uploads\/2018\/01\/tu-van-quat-cong-nghiep.png 614w, https:\/\/hungducphat.com\/wp-content\/uploads\/2018\/01\/tu-van-quat-cong-nghiep-600x172.png 600w\" alt=\"\" width=\"614\" height=\"176\" data-src=\"https:\/\/hungducphat.com\/wp-content\/uploads\/2018\/01\/tu-van-quat-cong-nghiep.png\" data-srcset=\"https:\/\/hungducphat.com\/wp-content\/uploads\/2018\/01\/tu-van-quat-cong-nghiep.png 614w, https:\/\/hungducphat.com\/wp-content\/uploads\/2018\/01\/tu-van-quat-cong-nghiep-600x172.png 600w\" \/><\/p>\n<h4 class=\"has-block tooltipstered\" style=\"text-align: center;\"><strong>C\u00d4NG TY TNHH \u0110\u1ea6U T\u01af TH\u01af\u01a0NG M\u1ea0I H\u01afNG \u0110\u1ee8C PH\u00c1T<\/strong><\/h4>\n<p style=\"text-align: center;\"><strong>Tr\u1ee5 S\u1edf Ch\u00ednh<\/strong>:\u00a01701, T\u00f2a nh\u00e0 Prime centre, 53 Quang Trung, p. Nguy\u1ec5n du, Q. Hai B\u00e0 Tr\u01b0ng, H\u00e0 N\u1ed9i<\/p>\n<p style=\"text-align: center;\"><strong>Tr\u1ee5 S\u1edf Mi\u1ec1n Nam:<\/strong>\u00a083 \u0110\u01b0\u1eddng T\u00e2n Th\u1eddi Nh\u1ea5t \u2013 Khu ph\u1ed1 4 \u2013 \u0110\u01b0\u1eddng t\u00e2n Th\u1eddi Nh\u1ea5t \u2013 Qu\u1eadn 12\u00a0 \u2013 Th\u00e0nh Ph\u1ed1 HCM<\/p>\n<p style=\"text-align: center;\"><strong>Chi Nh\u00e1nh 1:<\/strong>\u00a0Th\u00f4n T\u1ef1u Li\u1ec7t x\u00e3 Tam Hi\u1ec7p\u00a0 \u2013 Huy\u1ec7n Thanh Tr\u00ec \u2013 Th\u00e0nh Ph\u1ed1 H\u00e0 N\u1ed9i<\/p>\n<p style=\"text-align: center;\"><strong>Nh\u00e0 M\u00e1y S\u1ea3n Xu\u1ea5t<\/strong>:150 Nguy\u1ec5n H\u1eefu Hu\u00e2n, Ph\u01b0\u1eddng T\u00e2y M\u1ed7, Qu\u1eadn Nam T\u1eeb li\u00eam, Th\u00e0nh Ph\u1ed1 H\u00e0 N\u1ed9i<\/p>\n<p style=\"text-align: center;\"><strong>\u0110i\u1ec7n tho\u1ea1i: 024.66.507.256 \/\u00a0 Hotline:\u00a00936.488.457 \/ 0902.239.822 \/\u00a0Email:\u00a0lienhe@hungducphat.com<\/strong><\/p>\n<p style=\"text-align: center;\"><a href=\"https:\/\/hungducphat.com\/\"><strong>Website:hungducphat.com<\/strong><\/a><\/p>\n","protected":false},"excerpt":{"rendered":"<ul>\n<li>M\u00e3 h\u00e0ng:<strong>\u00a0DVT50<\/strong><\/li>\n<li>\u0110i\u1ec7n \u00c1p: 220V\/50HZ<\/li>\n<li>C\u00f4ng su\u1ea5t :2KW<\/li>\n<li>T\u1ed1c \u0111\u1ed9 v\u00f2ng quay: 2800 v\u00f2ng \/ ph\u00fat<\/li>\n<li>L\u01b0u l\u01b0\u1ee3ng gi\u00f3 : 12.000M3\/H<\/li>\n<li>\u00c1p L\u1ef1c: 800pa<\/li>\n<li>\u0110\u1ed9 \u1ed2n:&lt; 66db<\/li>\n<li>Motor: T\u1ea3n Nhi\u1ec7t.<\/li>\n<li>C\u00f3 role nhi\u1ec7t t\u1ef1 ng\u1eaft khi nhi\u1ec7t \u0111\u1ed9 cao.<\/li>\n<li>T\u1ed1c \u0110\u1ed9: 1 T\u1ed1c \u0111\u1ed9 gi\u00f3<\/li>\n<li>C\u00f3 th\u1ec3 h\u00fat v\u00e0 c\u1ea5p kh\u00f4ng kh\u00ed.<\/li>\n<li>Lo\u1ea1i Qu\u1ea1t : Qu\u1ea1t x\u00e1ch tay c\u00f4ng nghi\u1ec7p.<\/li>\n<li>K\u00edch th\u01b0\u1edbc c\u00e1nh: 50cm<\/li>\n<\/ul>\n","protected":false},"featured_media":143,"comment_status":"open","ping_status":"closed","template":"","meta":{"_acf_changed":false},"product_brand":[],"product_cat":[23,25,21,24,22],"product_tag":[26,27],"class_list":{"0":"post-174","1":"product","2":"type-product","3":"status-publish","4":"has-post-thumbnail","6":"product_cat-ong-bat-cot-du","7":"product_cat-ong-gan-nhua-co-trau","8":"product_cat-ong-nhua-ldpe","9":"product_cat-ong-nhua-luoi-deo","10":"product_cat-ong-nhua-mem-loi-thep","11":"product_tag-quat-cap-gia","12":"product_tag-quat-deton","14":"first","15":"instock","16":"sale","17":"shipping-taxable","18":"purchasable","19":"product-type-simple"},"acf":[],"yoast_head":"<!-- This site is optimized with the Yoast SEO plugin v27.2 - https:\/\/yoast.com\/product\/yoast-seo-wordpress\/ -->\n<title>Qu\u1ea1t H\u00fat X\u00e1ch Tay Deton DVT50 (Sao ch\u00e9p) - Azk<\/title>\n<meta name=\"robots\" content=\"noindex, follow, max-snippet:-1, max-image-preview:large, max-video-preview:-1\" \/>\n<meta property=\"og:locale\" content=\"vi_VN\" \/>\n<meta property=\"og:type\" content=\"article\" \/>\n<meta property=\"og:title\" content=\"Qu\u1ea1t H\u00fat X\u00e1ch Tay Deton DVT50 (Sao ch\u00e9p) - Azk\" \/>\n<meta property=\"og:description\" content=\"M\u00e3 h\u00e0ng:\u00a0DVT50  \u0110i\u1ec7n \u00c1p: 220V\/50HZ  C\u00f4ng su\u1ea5t :2KW  T\u1ed1c \u0111\u1ed9 v\u00f2ng quay: 2800 v\u00f2ng \/ ph\u00fat  L\u01b0u l\u01b0\u1ee3ng gi\u00f3 : 12.000M3\/H  \u00c1p L\u1ef1c: 800pa  \u0110\u1ed9 \u1ed2n:&lt; 66db  Motor: T\u1ea3n Nhi\u1ec7t.  C\u00f3 role nhi\u1ec7t t\u1ef1 ng\u1eaft khi nhi\u1ec7t \u0111\u1ed9 cao.  T\u1ed1c \u0110\u1ed9: 1 T\u1ed1c \u0111\u1ed9 gi\u00f3  C\u00f3 th\u1ec3 h\u00fat v\u00e0 c\u1ea5p kh\u00f4ng kh\u00ed.  Lo\u1ea1i Qu\u1ea1t : Qu\u1ea1t x\u00e1ch tay c\u00f4ng nghi\u1ec7p.  K\u00edch th\u01b0\u1edbc c\u00e1nh: 50cm\" \/>\n<meta property=\"og:url\" content=\"https:\/\/demo2026.web3b.com\/azk\/san-pham\/quat-hut-xach-tay-deton-dvt50-sao-chep-4\/\" \/>\n<meta property=\"og:site_name\" content=\"Azk\" \/>\n<meta property=\"article:modified_time\" content=\"2026-03-24T07:44:22+00:00\" \/>\n<meta property=\"og:image\" content=\"https:\/\/demo2026.web3b.com\/azk\/wp-content\/uploads\/2026\/03\/quat-hut-xach-tay-DVT50.jpg\" \/>\n\t<meta property=\"og:image:width\" content=\"480\" \/>\n\t<meta property=\"og:image:height\" content=\"450\" \/>\n\t<meta property=\"og:image:type\" content=\"image\/jpeg\" \/>\n<meta name=\"twitter:card\" content=\"summary_large_image\" \/>\n<meta name=\"twitter:label1\" content=\"\u01af\u1edbc t\u00ednh th\u1eddi gian \u0111\u1ecdc\" \/>\n\t<meta name=\"twitter:data1\" content=\"6 ph\u00fat\" \/>\n<script type=\"application\/ld+json\" class=\"yoast-schema-graph\">{\"@context\":\"https:\/\/schema.org\",\"@graph\":[{\"@type\":\"WebPage\",\"@id\":\"https:\/\/demo2026.web3b.com\/azk\/san-pham\/quat-hut-xach-tay-deton-dvt50-sao-chep-4\/\",\"url\":\"https:\/\/demo2026.web3b.com\/azk\/san-pham\/quat-hut-xach-tay-deton-dvt50-sao-chep-4\/\",\"name\":\"Qu\u1ea1t H\u00fat X\u00e1ch Tay Deton DVT50 (Sao ch\u00e9p) - Azk\",\"isPartOf\":{\"@id\":\"https:\/\/demo2026.web3b.com\/azk\/#website\"},\"primaryImageOfPage\":{\"@id\":\"https:\/\/demo2026.web3b.com\/azk\/san-pham\/quat-hut-xach-tay-deton-dvt50-sao-chep-4\/#primaryimage\"},\"image\":{\"@id\":\"https:\/\/demo2026.web3b.com\/azk\/san-pham\/quat-hut-xach-tay-deton-dvt50-sao-chep-4\/#primaryimage\"},\"thumbnailUrl\":\"https:\/\/demo2026.web3b.com\/azk\/wp-content\/uploads\/2026\/03\/quat-hut-xach-tay-DVT50.jpg\",\"datePublished\":\"2026-03-24T07:44:21+00:00\",\"dateModified\":\"2026-03-24T07:44:22+00:00\",\"breadcrumb\":{\"@id\":\"https:\/\/demo2026.web3b.com\/azk\/san-pham\/quat-hut-xach-tay-deton-dvt50-sao-chep-4\/#breadcrumb\"},\"inLanguage\":\"vi\",\"potentialAction\":[{\"@type\":\"ReadAction\",\"target\":[\"https:\/\/demo2026.web3b.com\/azk\/san-pham\/quat-hut-xach-tay-deton-dvt50-sao-chep-4\/\"]}]},{\"@type\":\"ImageObject\",\"inLanguage\":\"vi\",\"@id\":\"https:\/\/demo2026.web3b.com\/azk\/san-pham\/quat-hut-xach-tay-deton-dvt50-sao-chep-4\/#primaryimage\",\"url\":\"https:\/\/demo2026.web3b.com\/azk\/wp-content\/uploads\/2026\/03\/quat-hut-xach-tay-DVT50.jpg\",\"contentUrl\":\"https:\/\/demo2026.web3b.com\/azk\/wp-content\/uploads\/2026\/03\/quat-hut-xach-tay-DVT50.jpg\",\"width\":480,\"height\":450},{\"@type\":\"BreadcrumbList\",\"@id\":\"https:\/\/demo2026.web3b.com\/azk\/san-pham\/quat-hut-xach-tay-deton-dvt50-sao-chep-4\/#breadcrumb\",\"itemListElement\":[{\"@type\":\"ListItem\",\"position\":1,\"name\":\"Trang ch\u1ee7\",\"item\":\"https:\/\/demo2026.web3b.com\/azk\/\"},{\"@type\":\"ListItem\",\"position\":2,\"name\":\"C\u1eeda h\u00e0ng\",\"item\":\"https:\/\/demo2026.web3b.com\/azk\/cua-hang\/\"},{\"@type\":\"ListItem\",\"position\":3,\"name\":\"Qu\u1ea1t H\u00fat X\u00e1ch Tay Deton DVT50 (Sao ch\u00e9p)\"}]},{\"@type\":\"WebSite\",\"@id\":\"https:\/\/demo2026.web3b.com\/azk\/#website\",\"url\":\"https:\/\/demo2026.web3b.com\/azk\/\",\"name\":\"Azk\",\"description\":\"\",\"potentialAction\":[{\"@type\":\"SearchAction\",\"target\":{\"@type\":\"EntryPoint\",\"urlTemplate\":\"https:\/\/demo2026.web3b.com\/azk\/?s={search_term_string}\"},\"query-input\":{\"@type\":\"PropertyValueSpecification\",\"valueRequired\":true,\"valueName\":\"search_term_string\"}}],\"inLanguage\":\"vi\"}]}<\/script>\n<!-- \/ Yoast SEO plugin. -->","yoast_head_json":{"title":"Qu\u1ea1t H\u00fat X\u00e1ch Tay Deton DVT50 (Sao ch\u00e9p) - Azk","robots":{"index":"noindex","follow":"follow","max-snippet":"max-snippet:-1","max-image-preview":"max-image-preview:large","max-video-preview":"max-video-preview:-1"},"og_locale":"vi_VN","og_type":"article","og_title":"Qu\u1ea1t H\u00fat X\u00e1ch Tay Deton DVT50 (Sao ch\u00e9p) - Azk","og_description":"M\u00e3 h\u00e0ng:\u00a0DVT50  \u0110i\u1ec7n \u00c1p: 220V\/50HZ  C\u00f4ng su\u1ea5t :2KW  T\u1ed1c \u0111\u1ed9 v\u00f2ng quay: 2800 v\u00f2ng \/ ph\u00fat  L\u01b0u l\u01b0\u1ee3ng gi\u00f3 : 12.000M3\/H  \u00c1p L\u1ef1c: 800pa  \u0110\u1ed9 \u1ed2n:&lt; 66db  Motor: T\u1ea3n Nhi\u1ec7t.  C\u00f3 role nhi\u1ec7t t\u1ef1 ng\u1eaft khi nhi\u1ec7t \u0111\u1ed9 cao.  T\u1ed1c \u0110\u1ed9: 1 T\u1ed1c \u0111\u1ed9 gi\u00f3  C\u00f3 th\u1ec3 h\u00fat v\u00e0 c\u1ea5p kh\u00f4ng kh\u00ed.  Lo\u1ea1i Qu\u1ea1t : Qu\u1ea1t x\u00e1ch tay c\u00f4ng nghi\u1ec7p.  K\u00edch th\u01b0\u1edbc c\u00e1nh: 50cm","og_url":"https:\/\/demo2026.web3b.com\/azk\/san-pham\/quat-hut-xach-tay-deton-dvt50-sao-chep-4\/","og_site_name":"Azk","article_modified_time":"2026-03-24T07:44:22+00:00","og_image":[{"width":480,"height":450,"url":"https:\/\/demo2026.web3b.com\/azk\/wp-content\/uploads\/2026\/03\/quat-hut-xach-tay-DVT50.jpg","type":"image\/jpeg"}],"twitter_card":"summary_large_image","twitter_misc":{"\u01af\u1edbc t\u00ednh th\u1eddi gian \u0111\u1ecdc":"6 ph\u00fat"},"schema":{"@context":"https:\/\/schema.org","@graph":[{"@type":"WebPage","@id":"https:\/\/demo2026.web3b.com\/azk\/san-pham\/quat-hut-xach-tay-deton-dvt50-sao-chep-4\/","url":"https:\/\/demo2026.web3b.com\/azk\/san-pham\/quat-hut-xach-tay-deton-dvt50-sao-chep-4\/","name":"Qu\u1ea1t H\u00fat X\u00e1ch Tay Deton DVT50 (Sao ch\u00e9p) - Azk","isPartOf":{"@id":"https:\/\/demo2026.web3b.com\/azk\/#website"},"primaryImageOfPage":{"@id":"https:\/\/demo2026.web3b.com\/azk\/san-pham\/quat-hut-xach-tay-deton-dvt50-sao-chep-4\/#primaryimage"},"image":{"@id":"https:\/\/demo2026.web3b.com\/azk\/san-pham\/quat-hut-xach-tay-deton-dvt50-sao-chep-4\/#primaryimage"},"thumbnailUrl":"https:\/\/demo2026.web3b.com\/azk\/wp-content\/uploads\/2026\/03\/quat-hut-xach-tay-DVT50.jpg","datePublished":"2026-03-24T07:44:21+00:00","dateModified":"2026-03-24T07:44:22+00:00","breadcrumb":{"@id":"https:\/\/demo2026.web3b.com\/azk\/san-pham\/quat-hut-xach-tay-deton-dvt50-sao-chep-4\/#breadcrumb"},"inLanguage":"vi","potentialAction":[{"@type":"ReadAction","target":["https:\/\/demo2026.web3b.com\/azk\/san-pham\/quat-hut-xach-tay-deton-dvt50-sao-chep-4\/"]}]},{"@type":"ImageObject","inLanguage":"vi","@id":"https:\/\/demo2026.web3b.com\/azk\/san-pham\/quat-hut-xach-tay-deton-dvt50-sao-chep-4\/#primaryimage","url":"https:\/\/demo2026.web3b.com\/azk\/wp-content\/uploads\/2026\/03\/quat-hut-xach-tay-DVT50.jpg","contentUrl":"https:\/\/demo2026.web3b.com\/azk\/wp-content\/uploads\/2026\/03\/quat-hut-xach-tay-DVT50.jpg","width":480,"height":450},{"@type":"BreadcrumbList","@id":"https:\/\/demo2026.web3b.com\/azk\/san-pham\/quat-hut-xach-tay-deton-dvt50-sao-chep-4\/#breadcrumb","itemListElement":[{"@type":"ListItem","position":1,"name":"Trang ch\u1ee7","item":"https:\/\/demo2026.web3b.com\/azk\/"},{"@type":"ListItem","position":2,"name":"C\u1eeda h\u00e0ng","item":"https:\/\/demo2026.web3b.com\/azk\/cua-hang\/"},{"@type":"ListItem","position":3,"name":"Qu\u1ea1t H\u00fat X\u00e1ch Tay Deton DVT50 (Sao ch\u00e9p)"}]},{"@type":"WebSite","@id":"https:\/\/demo2026.web3b.com\/azk\/#website","url":"https:\/\/demo2026.web3b.com\/azk\/","name":"Azk","description":"","potentialAction":[{"@type":"SearchAction","target":{"@type":"EntryPoint","urlTemplate":"https:\/\/demo2026.web3b.com\/azk\/?s={search_term_string}"},"query-input":{"@type":"PropertyValueSpecification","valueRequired":true,"valueName":"search_term_string"}}],"inLanguage":"vi"}]}},"_links":{"self":[{"href":"https:\/\/demo2026.web3b.com\/azk\/wp-json\/wp\/v2\/product\/174","targetHints":{"allow":["GET"]}}],"collection":[{"href":"https:\/\/demo2026.web3b.com\/azk\/wp-json\/wp\/v2\/product"}],"about":[{"href":"https:\/\/demo2026.web3b.com\/azk\/wp-json\/wp\/v2\/types\/product"}],"replies":[{"embeddable":true,"href":"https:\/\/demo2026.web3b.com\/azk\/wp-json\/wp\/v2\/comments?post=174"}],"wp:featuredmedia":[{"embeddable":true,"href":"https:\/\/demo2026.web3b.com\/azk\/wp-json\/wp\/v2\/media\/143"}],"wp:attachment":[{"href":"https:\/\/demo2026.web3b.com\/azk\/wp-json\/wp\/v2\/media?parent=174"}],"wp:term":[{"taxonomy":"product_brand","embeddable":true,"href":"https:\/\/demo2026.web3b.com\/azk\/wp-json\/wp\/v2\/product_brand?post=174"},{"taxonomy":"product_cat","embeddable":true,"href":"https:\/\/demo2026.web3b.com\/azk\/wp-json\/wp\/v2\/product_cat?post=174"},{"taxonomy":"product_tag","embeddable":true,"href":"https:\/\/demo2026.web3b.com\/azk\/wp-json\/wp\/v2\/product_tag?post=174"}],"curies":[{"name":"wp","href":"https:\/\/api.w.org\/{rel}","templated":true}]}}